{"id":2163,"date":"2021-04-28T16:40:25","date_gmt":"2021-04-28T14:40:25","guid":{"rendered":"https:\/\/cremoninigroup.it\/fordern-sie-ein-angebot-an\/"},"modified":"2021-05-04T14:20:38","modified_gmt":"2021-05-04T12:20:38","slug":"fordern-sie-ein-angebot-an","status":"publish","type":"page","link":"https:\/\/cremoninigroup.it\/de\/fordern-sie-ein-angebot-an\/","title":{"rendered":"Fordern sie ein angebot an"},"content":{"rendered":"<div class=\"wpb-content-wrapper\"><p>[vc_row css_animation=&#8220;&#8220; row_type=&#8220;row&#8220; use_row_as_full_screen_section=&#8220;no&#8220; type=&#8220;full_width&#8220; angled_section=&#8220;no&#8220; text_align=&#8220;left&#8220; background_image_as_pattern=&#8220;without_pattern&#8220; css=&#8220;.vc_custom_1540920132424{background-color: #ffffff !important;}&#8220; z_index=&#8220;&#8220;][vc_column][vc_row_inner row_type=&#8220;row&#8220; type=&#8220;full_width&#8220; text_align=&#8220;left&#8220; css_animation=&#8220;&#8220;][vc_column_inner offset=&#8220;vc_hidden-sm vc_hidden-xs&#8220;][vc_single_image image=&#8220;138&#8243; img_size=&#8220;1920&#215;350&#8243; qode_css_animation=&#8220;&#8220;][\/vc_column_inner][\/vc_row_inner][vc_empty_space height=&#8220;60px&#8220;][\/vc_column][\/vc_row][vc_row css_animation=&#8220;&#8220; row_type=&#8220;row&#8220; use_row_as_full_screen_section=&#8220;no&#8220; type=&#8220;grid&#8220; angled_section=&#8220;no&#8220; text_align=&#8220;left&#8220; background_image_as_pattern=&#8220;without_pattern&#8220; z_index=&#8220;&#8220;][vc_column offset=&#8220;vc_col-lg-offset-2 vc_col-lg-8 vc_col-md-offset-1 vc_col-md-10&#8243;][vc_column_text]<\/p>\n<h1 style=\"color: #363432;\">FORDERN SIE EIN ANGEBOT AN<\/h1>\n<h4 style=\"color: #f87530;\">UNSERE HERAUSFORDERUNG? DIE SCHWIERIGSTEN ARBEITEN<\/h4>\n<p>[\/vc_column_text][vc_empty_space height=&#8220;25px&#8220;][vc_column_text]Fordern Sie hier Ihr unverbindliches Angebot f\u00fcr die von Ihnen gew\u00fcnschte Ausf\u00fchrung an.<br \/>\nUnser Kundenservice wird sich so schnell wie m\u00f6glich mit einem auf Sie zugeschnittenen Angebot bei Ihnen melden.[\/vc_column_text]\n<div class=\"wpcf7 no-js\" id=\"wpcf7-f2050-o1\" lang=\"it-IT\" dir=\"ltr\" data-wpcf7-id=\"2050\">\n<div class=\"screen-reader-response\"><p role=\"status\" aria-live=\"polite\" aria-atomic=\"true\"><\/p> <ul><\/ul><\/div>\n<form action=\"\/de\/wp-json\/wp\/v2\/pages\/2163#wpcf7-f2050-o1\" method=\"post\" class=\"wpcf7-form init cf7_custom_style_1\" aria-label=\"Modulo di contatto\" enctype=\"multipart\/form-data\" novalidate=\"novalidate\" data-status=\"init\">\n<fieldset class=\"hidden-fields-container\"><input type=\"hidden\" name=\"_wpcf7\" value=\"2050\" \/><input type=\"hidden\" name=\"_wpcf7_version\" value=\"6.1.5\" \/><input type=\"hidden\" name=\"_wpcf7_locale\" value=\"it_IT\" \/><input type=\"hidden\" name=\"_wpcf7_unit_tag\" value=\"wpcf7-f2050-o1\" \/><input type=\"hidden\" name=\"_wpcf7_container_post\" value=\"0\" \/><input type=\"hidden\" name=\"_wpcf7_posted_data_hash\" value=\"\" \/><input type=\"hidden\" name=\"_wpcf7_recaptcha_response\" value=\"\" \/>\n<\/fieldset>\n<hr color=\"#ebebeb\" \/>\n<p><span class=\"wpcf7-form-control-wrap\" data-name=\"radio-713\"><span class=\"wpcf7-form-control wpcf7-radio\"><span class=\"wpcf7-list-item first\"><input type=\"radio\" name=\"radio-713\" value=\"Laserschneiden\" \/><span class=\"wpcf7-list-item-label\">Laserschneiden<\/span><\/span><span class=\"wpcf7-list-item\"><input type=\"radio\" name=\"radio-713\" value=\"Metall-Konstruktionen\" \/><span class=\"wpcf7-list-item-label\">Metall-Konstruktionen<\/span><\/span><span class=\"wpcf7-list-item last\"><input type=\"radio\" name=\"radio-713\" value=\"Blechbearbeitung\" \/><span class=\"wpcf7-list-item-label\">Blechbearbeitung<\/span><\/span><\/span><\/span>\n<\/p>\n<p style=\"color:#7a7a7a; line-height:0px;\">ACHTUNG!\n<\/p>\n<p style=\"color:#7a7a7a; font-size:13px; line-height:15px;\">Die Auswahl der Bearbeitung ist OBLIGATORISCH, denn es erm\u00f6glicht uns, schnell auf Ihr Anliegen zu antworten.\n<\/p>\n<hr color=\"#ebebeb\" \/>\n<p><span class=\"wpcf7-form-control-wrap\" data-name=\"file-449\"><input size=\"40\" class=\"wpcf7-form-control wpcf7-file\" accept=\".dwg,.dxf,.pdf,.zip\" aria-invalid=\"false\" type=\"file\" name=\"file-449\" \/><\/span>\n<\/p>\n<p style=\"color:#7a7a7a; line-height:0px;\">ZEICHNUNG HOCHLADEN\n<\/p>\n<p style=\"color:#7a7a7a; font-size:13px;  line-height:15px;\">Vorzugsweise dwg, dxf, pdf - Max 8 MB - Verwenden Sie .zip, um mehr Dateien anzuh\u00e4ngen\n<\/p>\n<hr color=\"#ebebeb\" \/>\n<p><span class=\"wpcf7-form-control-wrap\" data-name=\"your-subject\"><input size=\"40\" maxlength=\"400\" class=\"wpcf7-form-control wpcf7-text wpcf7-validates-as-required\" aria-required=\"true\" aria-invalid=\"false\" placeholder=\"Unternehmen*\" value=\"\" type=\"text\" name=\"your-subject\" \/><\/span>\n<\/p>\n<p><span class=\"wpcf7-form-control-wrap\" data-name=\"your-name\"><input size=\"40\" maxlength=\"400\" class=\"wpcf7-form-control wpcf7-text wpcf7-validates-as-required\" aria-required=\"true\" aria-invalid=\"false\" placeholder=\"Vorname*\" value=\"\" type=\"text\" name=\"your-name\" \/><\/span>\n<\/p>\n<p><span class=\"wpcf7-form-control-wrap\" data-name=\"cognome\"><input size=\"40\" maxlength=\"400\" class=\"wpcf7-form-control wpcf7-text wpcf7-validates-as-required\" aria-required=\"true\" aria-invalid=\"false\" placeholder=\"Nachname*\" value=\"\" type=\"text\" name=\"cognome\" \/><\/span>\n<\/p>\n<p><span class=\"wpcf7-form-control-wrap\" data-name=\"your-email\"><input size=\"40\" maxlength=\"400\" class=\"wpcf7-form-control wpcf7-email wpcf7-validates-as-required wpcf7-text wpcf7-validates-as-email\" aria-required=\"true\" aria-invalid=\"false\" placeholder=\"E-mail*\" value=\"\" type=\"email\" name=\"your-email\" \/><\/span>\n<\/p>\n<p><span class=\"wpcf7-form-control-wrap\" data-name=\"tel-432\"><input size=\"40\" maxlength=\"400\" class=\"wpcf7-form-control wpcf7-tel wpcf7-validates-as-required wpcf7-text wpcf7-validates-as-tel\" aria-required=\"true\" aria-invalid=\"false\" placeholder=\"Telefon\" value=\"\" type=\"tel\" name=\"tel-432\" \/><\/span>\n<\/p>\n<p><span class=\"wpcf7-form-control-wrap\" data-name=\"richiesta\"><textarea cols=\"40\" rows=\"10\" maxlength=\"2000\" class=\"wpcf7-form-control wpcf7-textarea\" aria-invalid=\"false\" placeholder=\"Anfrage\" name=\"richiesta\"><\/textarea><\/span>\n<\/p>\n<p><span class=\"wpcf7-form-control-wrap\" data-name=\"Accettoprivacy\"><span class=\"wpcf7-form-control wpcf7-acceptance\"><span class=\"wpcf7-list-item\"><input type=\"checkbox\" name=\"Accettoprivacy\" value=\"1\" aria-invalid=\"false\" \/><\/span><\/span><\/span> Ich best\u00e4tige und gebe meine Zustimmung <a href=\"https:\/\/cremoninigroup.it\/de\/privacy-cookie-policy\/\" target=\"_blank\"><span style=\"color:#f87530; font-weight: 700;\">nachdem ich die beigef\u00fcgten Informationen der <\/span><\/a> der GDPR 2016\/679 gelesen und verstanden habe\n<\/p>\n\n<p><input class=\"wpcf7-form-control wpcf7-submit has-spinner\" type=\"submit\" value=\"Fordern sie ein angebot an\" \/>\n<\/p><div class=\"wpcf7-response-output\" aria-hidden=\"true\"><\/div>\n<\/form>\n<\/div>\n[vc_separator type=&#8220;normal&#8220; color=&#8220;#ededed&#8220; thickness=&#8220;1&#8243; up=&#8220;40&#8243; down=&#8220;40&#8243;][vc_single_image image=&#8220;2286&#8243; img_size=&#8220;90 \u00d7 93&#8243; qode_css_animation=&#8220;&#8220;][vc_empty_space height=&#8220;10px&#8220;][vc_column_text]<\/p>\n<h3>BEN\u00d6TIGEN SIEHILFE?<\/h3>\n<p>[\/vc_column_text][vc_empty_space height=&#8220;10px&#8220;][vc_column_text]Kontaktieren Sie uns unter Tel. <a href=\"tel:0039031656332\">+39.031.656332<\/a><br \/>\nMo-Fr. von h.8.00 bis 12.00 und von h.13.30 bis 17.00.[\/vc_column_text][vc_separator type=&#8220;normal&#8220; color=&#8220;#ededed&#8220; thickness=&#8220;1&#8243; up=&#8220;40&#8243; down=&#8220;40&#8243;][\/vc_column][\/vc_row][vc_row css_animation=&#8220;&#8220; row_type=&#8220;row&#8220; use_row_as_full_screen_section=&#8220;no&#8220; type=&#8220;full_width&#8220; angled_section=&#8220;no&#8220; text_align=&#8220;left&#8220; background_image_as_pattern=&#8220;without_pattern&#8220;][vc_column][vc_empty_space height=&#8220;80px&#8220;][\/vc_column][\/vc_row]<\/p>\n<\/div>","protected":false},"excerpt":{"rendered":"<p>[vc_row css_animation=&#8220;&#8220; row_type=&#8220;row&#8220; use_row_as_full_screen_section=&#8220;no&#8220; type=&#8220;full_width&#8220; angled_section=&#8220;no&#8220; text_align=&#8220;left&#8220; background_image_as_pattern=&#8220;without_pattern&#8220; css=&#8220;.vc_custom_1540920132424{background-color: #ffffff !important;}&#8220; z_index=&#8220;&#8220;][vc_column][vc_row_inner row_type=&#8220;row&#8220; type=&#8220;full_width&#8220; text_align=&#8220;left&#8220; css_animation=&#8220;&#8220;][vc_column_inner offset=&#8220;vc_hidden-sm vc_hidden-xs&#8220;][vc_single_image image=&#8220;138&#8243; img_size=&#8220;1920&#215;350&#8243; qode_css_animation=&#8220;&#8220;][\/vc_column_inner][\/vc_row_inner][vc_empty_space height=&#8220;60px&#8220;][\/vc_column][\/vc_row][vc_row css_animation=&#8220;&#8220; row_type=&#8220;row&#8220; use_row_as_full_screen_section=&#8220;no&#8220; type=&#8220;grid&#8220; angled_section=&#8220;no&#8220; text_align=&#8220;left&#8220; background_image_as_pattern=&#8220;without_pattern&#8220; z_index=&#8220;&#8220;][vc_column offset=&#8220;vc_col-lg-offset-2 vc_col-lg-8 vc_col-md-offset-1 vc_col-md-10&#8243;][vc_column_text] FORDERN SIE EIN ANGEBOT AN UNSERE HERAUSFORDERUNG? DIE SCHWIERIGSTEN ARBEITEN [\/vc_column_text][vc_empty_space&#8230;<\/p>\n","protected":false},"author":48,"featured_media":0,"parent":0,"menu_order":0,"comment_status":"closed","ping_status":"closed","template":"full_width.php","meta":{"footnotes":""},"class_list":["post-2163","page","type-page","status-publish","hentry"],"yoast_head":"<!-- This site is optimized with the Yoast SEO plugin v27.3 - https:\/\/yoast.com\/product\/yoast-seo-wordpress\/ -->\n<title>Fordern sie ein angebot an - Cremonini s.r.l.<\/title>\n<meta name=\"robots\" content=\"index, follow, max-snippet:-1, max-image-preview:large, max-video-preview:-1\" \/>\n<link rel=\"canonical\" href=\"https:\/\/cremoninigroup.it\/de\/fordern-sie-ein-angebot-an\/\" \/>\n<meta property=\"og:locale\" content=\"de_DE\" \/>\n<meta property=\"og:type\" content=\"article\" \/>\n<meta property=\"og:title\" content=\"Fordern sie ein angebot an - Cremonini s.r.l.\" \/>\n<meta property=\"og:description\" content=\"[vc_row css_animation=&#8220;&#8220; row_type=&#8220;row&#8220; use_row_as_full_screen_section=&#8220;no&#8220; type=&#8220;full_width&#8220; angled_section=&#8220;no&#8220; text_align=&#8220;left&#8220; background_image_as_pattern=&#8220;without_pattern&#8220; css=&#8220;.vc_custom_1540920132424{background-color: #ffffff !important;}&#8220; z_index=&#8220;&#8220;][vc_column][vc_row_inner row_type=&#8220;row&#8220; type=&#8220;full_width&#8220; text_align=&#8220;left&#8220; css_animation=&#8220;&#8220;][vc_column_inner offset=&#8220;vc_hidden-sm vc_hidden-xs&#8220;][vc_single_image image=&#8220;138&#8243; img_size=&#8220;1920&#215;350&#8243; qode_css_animation=&#8220;&#8220;][\/vc_column_inner][\/vc_row_inner][vc_empty_space height=&#8220;60px&#8220;][\/vc_column][\/vc_row][vc_row css_animation=&#8220;&#8220; row_type=&#8220;row&#8220; use_row_as_full_screen_section=&#8220;no&#8220; type=&#8220;grid&#8220; angled_section=&#8220;no&#8220; text_align=&#8220;left&#8220; background_image_as_pattern=&#8220;without_pattern&#8220; z_index=&#8220;&#8220;][vc_column offset=&#8220;vc_col-lg-offset-2 vc_col-lg-8 vc_col-md-offset-1 vc_col-md-10&#8243;][vc_column_text] FORDERN SIE EIN ANGEBOT AN UNSERE HERAUSFORDERUNG? DIE SCHWIERIGSTEN ARBEITEN [\/vc_column_text][vc_empty_space...\" \/>\n<meta property=\"og:url\" content=\"https:\/\/cremoninigroup.it\/de\/fordern-sie-ein-angebot-an\/\" \/>\n<meta property=\"og:site_name\" content=\"Cremonini s.r.l.\" \/>\n<meta property=\"article:modified_time\" content=\"2021-05-04T12:20:38+00:00\" \/>\n<meta name=\"twitter:card\" content=\"summary_large_image\" \/>\n<meta name=\"twitter:label1\" content=\"Gesch\u00e4tzte Lesezeit\" \/>\n\t<meta name=\"twitter:data1\" content=\"2\u00a0Minuten\" \/>\n<script type=\"application\/ld+json\" class=\"yoast-schema-graph\">{\"@context\":\"https:\\\/\\\/schema.org\",\"@graph\":[{\"@type\":\"WebPage\",\"@id\":\"https:\\\/\\\/cremoninigroup.it\\\/de\\\/fordern-sie-ein-angebot-an\\\/\",\"url\":\"https:\\\/\\\/cremoninigroup.it\\\/de\\\/fordern-sie-ein-angebot-an\\\/\",\"name\":\"Fordern sie ein angebot an - Cremonini s.r.l.\",\"isPartOf\":{\"@id\":\"https:\\\/\\\/cremoninigroup.it\\\/de\\\/#website\"},\"datePublished\":\"2021-04-28T14:40:25+00:00\",\"dateModified\":\"2021-05-04T12:20:38+00:00\",\"breadcrumb\":{\"@id\":\"https:\\\/\\\/cremoninigroup.it\\\/de\\\/fordern-sie-ein-angebot-an\\\/#breadcrumb\"},\"inLanguage\":\"de\",\"potentialAction\":[{\"@type\":\"ReadAction\",\"target\":[\"https:\\\/\\\/cremoninigroup.it\\\/de\\\/fordern-sie-ein-angebot-an\\\/\"]}]},{\"@type\":\"BreadcrumbList\",\"@id\":\"https:\\\/\\\/cremoninigroup.it\\\/de\\\/fordern-sie-ein-angebot-an\\\/#breadcrumb\",\"itemListElement\":[{\"@type\":\"ListItem\",\"position\":1,\"name\":\"Home\",\"item\":\"https:\\\/\\\/cremoninigroup.it\\\/de\\\/\"},{\"@type\":\"ListItem\",\"position\":2,\"name\":\"Fordern sie ein angebot an\"}]},{\"@type\":\"WebSite\",\"@id\":\"https:\\\/\\\/cremoninigroup.it\\\/de\\\/#website\",\"url\":\"https:\\\/\\\/cremoninigroup.it\\\/de\\\/\",\"name\":\"CREMONINI Srl\",\"description\":\"Costruzioni Metalliche | Lavorazioni Lamiera | Taglio Laser\",\"publisher\":{\"@id\":\"https:\\\/\\\/cremoninigroup.it\\\/de\\\/#organization\"},\"potentialAction\":[{\"@type\":\"SearchAction\",\"target\":{\"@type\":\"EntryPoint\",\"urlTemplate\":\"https:\\\/\\\/cremoninigroup.it\\\/de\\\/?s={search_term_string}\"},\"query-input\":{\"@type\":\"PropertyValueSpecification\",\"valueRequired\":true,\"valueName\":\"search_term_string\"}}],\"inLanguage\":\"de\"},{\"@type\":\"Organization\",\"@id\":\"https:\\\/\\\/cremoninigroup.it\\\/de\\\/#organization\",\"name\":\"Cremonini Srl\",\"url\":\"https:\\\/\\\/cremoninigroup.it\\\/de\\\/\",\"logo\":{\"@type\":\"ImageObject\",\"inLanguage\":\"de\",\"@id\":\"https:\\\/\\\/cremoninigroup.it\\\/de\\\/#\\\/schema\\\/logo\\\/image\\\/\",\"url\":\"https:\\\/\\\/cremoninigroup.it\\\/wp-content\\\/uploads\\\/2018\\\/10\\\/logo_cremonini_color.png\",\"contentUrl\":\"https:\\\/\\\/cremoninigroup.it\\\/wp-content\\\/uploads\\\/2018\\\/10\\\/logo_cremonini_color.png\",\"width\":296,\"height\":90,\"caption\":\"Cremonini Srl\"},\"image\":{\"@id\":\"https:\\\/\\\/cremoninigroup.it\\\/de\\\/#\\\/schema\\\/logo\\\/image\\\/\"}}]}<\/script>\n<!-- \/ Yoast SEO plugin. -->","yoast_head_json":{"title":"Fordern sie ein angebot an - Cremonini s.r.l.","robots":{"index":"index","follow":"follow","max-snippet":"max-snippet:-1","max-image-preview":"max-image-preview:large","max-video-preview":"max-video-preview:-1"},"canonical":"https:\/\/cremoninigroup.it\/de\/fordern-sie-ein-angebot-an\/","og_locale":"de_DE","og_type":"article","og_title":"Fordern sie ein angebot an - Cremonini s.r.l.","og_description":"[vc_row css_animation=&#8220;&#8220; row_type=&#8220;row&#8220; use_row_as_full_screen_section=&#8220;no&#8220; type=&#8220;full_width&#8220; angled_section=&#8220;no&#8220; text_align=&#8220;left&#8220; background_image_as_pattern=&#8220;without_pattern&#8220; css=&#8220;.vc_custom_1540920132424{background-color: #ffffff !important;}&#8220; z_index=&#8220;&#8220;][vc_column][vc_row_inner row_type=&#8220;row&#8220; type=&#8220;full_width&#8220; text_align=&#8220;left&#8220; css_animation=&#8220;&#8220;][vc_column_inner offset=&#8220;vc_hidden-sm vc_hidden-xs&#8220;][vc_single_image image=&#8220;138&#8243; img_size=&#8220;1920&#215;350&#8243; qode_css_animation=&#8220;&#8220;][\/vc_column_inner][\/vc_row_inner][vc_empty_space height=&#8220;60px&#8220;][\/vc_column][\/vc_row][vc_row css_animation=&#8220;&#8220; row_type=&#8220;row&#8220; use_row_as_full_screen_section=&#8220;no&#8220; type=&#8220;grid&#8220; angled_section=&#8220;no&#8220; text_align=&#8220;left&#8220; background_image_as_pattern=&#8220;without_pattern&#8220; z_index=&#8220;&#8220;][vc_column offset=&#8220;vc_col-lg-offset-2 vc_col-lg-8 vc_col-md-offset-1 vc_col-md-10&#8243;][vc_column_text] FORDERN SIE EIN ANGEBOT AN UNSERE HERAUSFORDERUNG? DIE SCHWIERIGSTEN ARBEITEN [\/vc_column_text][vc_empty_space...","og_url":"https:\/\/cremoninigroup.it\/de\/fordern-sie-ein-angebot-an\/","og_site_name":"Cremonini s.r.l.","article_modified_time":"2021-05-04T12:20:38+00:00","twitter_card":"summary_large_image","twitter_misc":{"Gesch\u00e4tzte Lesezeit":"2\u00a0Minuten"},"schema":{"@context":"https:\/\/schema.org","@graph":[{"@type":"WebPage","@id":"https:\/\/cremoninigroup.it\/de\/fordern-sie-ein-angebot-an\/","url":"https:\/\/cremoninigroup.it\/de\/fordern-sie-ein-angebot-an\/","name":"Fordern sie ein angebot an - Cremonini s.r.l.","isPartOf":{"@id":"https:\/\/cremoninigroup.it\/de\/#website"},"datePublished":"2021-04-28T14:40:25+00:00","dateModified":"2021-05-04T12:20:38+00:00","breadcrumb":{"@id":"https:\/\/cremoninigroup.it\/de\/fordern-sie-ein-angebot-an\/#breadcrumb"},"inLanguage":"de","potentialAction":[{"@type":"ReadAction","target":["https:\/\/cremoninigroup.it\/de\/fordern-sie-ein-angebot-an\/"]}]},{"@type":"BreadcrumbList","@id":"https:\/\/cremoninigroup.it\/de\/fordern-sie-ein-angebot-an\/#breadcrumb","itemListElement":[{"@type":"ListItem","position":1,"name":"Home","item":"https:\/\/cremoninigroup.it\/de\/"},{"@type":"ListItem","position":2,"name":"Fordern sie ein angebot an"}]},{"@type":"WebSite","@id":"https:\/\/cremoninigroup.it\/de\/#website","url":"https:\/\/cremoninigroup.it\/de\/","name":"CREMONINI Srl","description":"Costruzioni Metalliche | Lavorazioni Lamiera | Taglio Laser","publisher":{"@id":"https:\/\/cremoninigroup.it\/de\/#organization"},"potentialAction":[{"@type":"SearchAction","target":{"@type":"EntryPoint","urlTemplate":"https:\/\/cremoninigroup.it\/de\/?s={search_term_string}"},"query-input":{"@type":"PropertyValueSpecification","valueRequired":true,"valueName":"search_term_string"}}],"inLanguage":"de"},{"@type":"Organization","@id":"https:\/\/cremoninigroup.it\/de\/#organization","name":"Cremonini Srl","url":"https:\/\/cremoninigroup.it\/de\/","logo":{"@type":"ImageObject","inLanguage":"de","@id":"https:\/\/cremoninigroup.it\/de\/#\/schema\/logo\/image\/","url":"https:\/\/cremoninigroup.it\/wp-content\/uploads\/2018\/10\/logo_cremonini_color.png","contentUrl":"https:\/\/cremoninigroup.it\/wp-content\/uploads\/2018\/10\/logo_cremonini_color.png","width":296,"height":90,"caption":"Cremonini Srl"},"image":{"@id":"https:\/\/cremoninigroup.it\/de\/#\/schema\/logo\/image\/"}}]}},"_links":{"self":[{"href":"https:\/\/cremoninigroup.it\/de\/wp-json\/wp\/v2\/pages\/2163","targetHints":{"allow":["GET"]}}],"collection":[{"href":"https:\/\/cremoninigroup.it\/de\/wp-json\/wp\/v2\/pages"}],"about":[{"href":"https:\/\/cremoninigroup.it\/de\/wp-json\/wp\/v2\/types\/page"}],"author":[{"embeddable":true,"href":"https:\/\/cremoninigroup.it\/de\/wp-json\/wp\/v2\/users\/48"}],"replies":[{"embeddable":true,"href":"https:\/\/cremoninigroup.it\/de\/wp-json\/wp\/v2\/comments?post=2163"}],"version-history":[{"count":8,"href":"https:\/\/cremoninigroup.it\/de\/wp-json\/wp\/v2\/pages\/2163\/revisions"}],"predecessor-version":[{"id":2570,"href":"https:\/\/cremoninigroup.it\/de\/wp-json\/wp\/v2\/pages\/2163\/revisions\/2570"}],"wp:attachment":[{"href":"https:\/\/cremoninigroup.it\/de\/wp-json\/wp\/v2\/media?parent=2163"}],"curies":[{"name":"wp","href":"https:\/\/api.w.org\/{rel}","templated":true}]}}