{"id":2072,"date":"2021-04-28T15:53:42","date_gmt":"2021-04-28T13:53:42","guid":{"rendered":"https:\/\/cremoninigroup.it\/unternehmen\/"},"modified":"2021-04-28T15:53:46","modified_gmt":"2021-04-28T13:53:46","slug":"unternehmen","status":"publish","type":"page","link":"https:\/\/cremoninigroup.it\/de\/unternehmen\/","title":{"rendered":"Unternehmen"},"content":{"rendered":"<div class=\"wpb-content-wrapper\"><p>[vc_row css_animation=&#8220;&#8220; row_type=&#8220;row&#8220; use_row_as_full_screen_section=&#8220;no&#8220; type=&#8220;full_width&#8220; angled_section=&#8220;no&#8220; text_align=&#8220;left&#8220; background_image_as_pattern=&#8220;without_pattern&#8220; z_index=&#8220;&#8220;][vc_column][vc_single_image image=&#8220;138&#8243; img_size=&#8220;1920 x 300&#8243; qode_css_animation=&#8220;&#8220;][vc_empty_space height=&#8220;60px&#8220;][\/vc_column][\/vc_row][vc_row css_animation=&#8220;&#8220; row_type=&#8220;row&#8220; use_row_as_full_screen_section=&#8220;no&#8220; type=&#8220;grid&#8220; angled_section=&#8220;no&#8220; text_align=&#8220;left&#8220; background_image_as_pattern=&#8220;without_pattern&#8220; z_index=&#8220;&#8220;][vc_column][vc_column_text]<\/p>\n<h1 style=\"margin-bottom: 15px; color: #363432; font-size: 60px;\">cremonini srl<\/h1>\n<h4 style=\"color: #f87530;\">KONSTRUKTION UND PRODUKTION SEIT \u00dcBER 50 JAHREN<\/h4>\n<p>[\/vc_column_text][vc_empty_space height=&#8220;25px&#8220;][vc_row_inner row_type=&#8220;row&#8220; type=&#8220;full_width&#8220; text_align=&#8220;left&#8220; css_animation=&#8220;&#8220;][vc_column_inner offset=&#8220;vc_col-lg-6 vc_col-md-12&#8243;][vc_column_text]Cremonini srl, ein handwerkliches Unternehmen, das 1961 unter dem Namen seines Gr\u00fcnders Aldo Cremonini ins Leben gerufen wurde, wird heute von der 3. Generation weitergef\u00fchrt. In den neunziger Jahren beschloss das Unternehmen, um sich der Entwicklung und den Markttrends anzupassen, seine Produktion zu \u00fcberpr\u00fcfen und zu \u00e4ndern, indem es in technologisch fortschrittlichere Anlagen und Maschinen investierte. Mit Hilfe professioneller, exzellenter Fachleute, einem Verm\u00f6genswert, der das Unternehmen auszeichnet und differenziert, hat es einen qualitativen Sprung in der Produktion und im Kundenservice gemacht. Das Unternehmen ist seit \u00fcber 50 Jahren im Bereich Metallbau t\u00e4tig und produziert Eisen-, Edelstahl- und Aluminiumteile nach Zeichnung oder Kundenspezifikation mit der Planung und Entwicklung von Sonderanfertigungen und deren Montage.[\/vc_column_text][\/vc_column_inner][vc_column_inner offset=&#8220;vc_col-lg-6 vc_col-md-12&#8243;][vc_column_text]Der Umzug an den Standort Suello (LC) zeugt von dem Wunsch nach Wachstum, der die Firmenphilosophie schon immer ausgezeichnet hat.<br \/>\nDer neue Hauptsitz erm\u00f6glicht es uns, in einer f\u00fcr den Produktionsprozess geeigneten Umgebung mit internen und externen R\u00e4umen zu arbeiten, die der Art der Verarbeitung angemessen sind.<br \/>\nWas &#8222;Umwelt und Sicherheit&#8220; betrifft, wird Cremonini von einem darauf spezialisierten Unternehmen betreut, nicht nur um die gesetzlichen Verpflichtungen zu erf\u00fcllen, sondern auch um den Mitarbeitern ein gesundes und sicheres Arbeiten zu erm\u00f6glichen.[\/vc_column_text][\/vc_column_inner][\/vc_row_inner][vc_empty_space height=&#8220;60px&#8220;][\/vc_column][\/vc_row][vc_row css_animation=&#8220;&#8220; row_type=&#8220;row&#8220; use_row_as_full_screen_section=&#8220;no&#8220; type=&#8220;full_width&#8220; angled_section=&#8220;no&#8220; text_align=&#8220;left&#8220; background_image_as_pattern=&#8220;without_pattern&#8220;][vc_column][vc_gallery type=&#8220;image_grid&#8220; images=&#8220;2093,2090,2108,2105,2126,2096,2087,2084,2078,2081&#8243; img_size=&#8220;440&#215;220&#8243; onclick=&#8220;&#8220; column_number=&#8220;5&#8243; grayscale=&#8220;no&#8220; images_space=&#8220;gallery_without_space&#8220;][\/vc_column][\/vc_row][vc_row css_animation=&#8220;&#8220; row_type=&#8220;row&#8220; use_row_as_full_screen_section=&#8220;no&#8220; type=&#8220;grid&#8220; angled_section=&#8220;no&#8220; text_align=&#8220;left&#8220; background_image_as_pattern=&#8220;without_pattern&#8220; z_index=&#8220;&#8220; css=&#8220;.vc_custom_1541412960903{background-color: #f4f4f4 !important;}&#8220;][vc_column][vc_empty_space height=&#8220;80px&#8220;][vc_column_text]<\/p>\n<h1 style=\"color: #363432;\">UNSERE MISSION<\/h1>\n<p>[\/vc_column_text][vc_empty_space height=&#8220;50px&#8220;][vc_row_inner row_type=&#8220;row&#8220; type=&#8220;full_width&#8220; text_align=&#8220;left&#8220; css_animation=&#8220;&#8220;][vc_column_inner offset=&#8220;vc_col-lg-6 vc_col-md-12&#8243;][vc_column_text]<\/p>\n<h4 style=\"color: #f87530; padding-bottom: 5px;\">EIN KLEINER TEIL&#8230; EIN KOMPLEXER ZUSAMMENBAU VON TEILEN<\/h4>\n<p>Cremoninis F\u00e4higkeit, mit dem Kunden in Kontakt zu treten, ist die Basis f\u00fcr eine starke Zusammenarbeit, die sich immer mehr verfestigt hat, egal ob es sich um kleine Teile oder einen komplexen Zusammenbau von Teilen handelt. Wir arbeiten vorwiegend nach Zeichnung und verwenden dabei Arbeitsmethoden, die in der Lage sind, die strengsten Anforderungen an Qualit\u00e4t und Zuverl\u00e4ssigkeit zu respektieren und zu erf\u00fcllen.<br \/>\nEin unsch\u00e4tzbarer Wert an Erfahrung, Sensibilit\u00e4t und Kompetenz erm\u00f6glicht es uns, selbst die komplexesten Herausforderungen zu bew\u00e4ltigen und zu l\u00f6sen, indem wir das unnachahmliche &#8222;Cremonini-Know-how&#8220; anwenden. Dank seines motivierten, f\u00fcr den Wissensaustausch offenen und kompetenten Fachpersonals hat Cremonini auch bei den anspruchsvollsten Kunden an Autorit\u00e4t gewonnen.[\/vc_column_text][vc_empty_space height=&#8220;50px&#8220;][vc_column_text]<\/p>\n<h4 style=\"color: #f87530; padding-bottom: 5px;\">ORGANISATION: UNSERE ST\u00c4RKE<\/h4>\n<p>Alle Prozesse werden \u00fcber eine integrierte Software verwaltet und gesteuert. Es wurden &#8222;Ad-hoc&#8220;-Programme f\u00fcr die Unternehmensverwaltung erstellt, von der Angebotsbearbeitung bis zur Auftragsabwicklung, vom Auftragsfortschritt mit Echtzeit-Erfassung der Produktionsdaten bis zur Auslieferung, von der Endabrechnung bis zur Kontrollstatistik.[\/vc_column_text][vc_empty_space height=&#8220;50px&#8220;][vc_column_text]<\/p>\n<h4 style=\"color: #f87530; padding-bottom: 5px;\">PARTNERSCHAFT: DER SCHL\u00dcSSEL ZU UNSEREM ERFOLG<\/h4>\n<p>Schl\u00fcsselfertiges Produkt&#8220; &#8211; Cremonini ist in der Lage, ein komplettes Produkt mit Aufmerksamkeit f\u00fcr jedes Detail zu liefern.<br \/>\nDie konstante partnerschaftliche Beziehung zu den Kunden, die in ihrem Sektor f\u00fchrend sind, und die enge Zusammenarbeit mit den qualifiziertesten Lieferanten im lokalen und nationalen Bereich, die nach den obligatorischen Vorschriften arbeiten, erm\u00f6glicht es Cremonini, einen Mehrwert f\u00fcr das &#8222;fertige Produkt&#8220; zu liefern (Oberfl\u00e4chenbehandlungen, Lackierung, Siebdruck, Komponenten, usw.).<br \/>\nDank seines motivierten, f\u00fcr den Wissensaustausch offenen und kompetenten Fachpersonals hat Cremonini auch bei den anspruchsvollsten Kunden an Autorit\u00e4t gewonnen.[\/vc_column_text][vc_empty_space height=&#8220;50px&#8220;][\/vc_column_inner][vc_column_inner offset=&#8220;vc_col-lg-6 vc_col-md-12&#8243;][vc_column_text]<\/p>\n<h4 style=\"color: #f87530; padding-bottom: 5px;\">UNSERE HERAUSFORDERUNG? DIE SCHWIERIGSTEN AUFGABEN<\/h4>\n<p>Um den Anforderungen der Kunden gerecht zu werden, verf\u00fcgt das Unternehmen \u00fcber einen auf Spezifikationen basierenden Konstruktions- und Entwicklungsbereich, in dem spezialisierte Mitarbeiter mit Unterst\u00fctzung von 2D-3D- und CAD\/CAM-Technologien die f\u00fcr die Produktion notwendigen Detailzeichnungen erstellen. Das interne Netzwerk erm\u00f6glicht es, die CNC-Maschinen mit Pr\u00e4zision und Geschwindigkeit zu programmieren.<br \/>\nDie Kombination aus dem Einsatz von technologisch fortschrittlicher Verarbeitung und der hohen Flexibilit\u00e4t des Fachpersonals gew\u00e4hrleistet die Optimierung jedes einzelnen Prozesses, um die Erwartungen des Kunden zu erf\u00fcllen.<br \/>\nCremonini ist in der Lage, das gew\u00fcnschte Produkt aus Kohlenstoffstahl (Eisen), Edelstahl und Aluminium durch Laserschneiden, Scheren, Stanzen, Biegen und Bearbeitung mit CNC-Maschinen herzustellen und durch MIG\/MAG-, WIG- und umh\u00fcllte Elektrodenschwei\u00dfen zu montieren. Die Abteilung f\u00fcr Endbearbeitung und Montage erm\u00f6glicht es, das Produkt in seiner endg\u00fcltigen Form mit Endbearbeitungen und der Montage von Handelsteilen und Zubeh\u00f6r zu liefern.[\/vc_column_text][vc_empty_space height=&#8220;50px&#8220;][vc_column_text]<\/p>\n<h4 style=\"color: #f87530; padding-bottom: 5px;\">QUALIT\u00c4T: UNSERE STARKE SEITE<\/h4>\n<p>Die Erforschung und Best\u00e4tigung der Qualit\u00e4t von Prozess und Produkt ist in erster Linie eine Denk- und Handlungsweise, die t\u00e4glich von der gesamten Cremonini-Belegschaft geteilt wird, um das Unternehmenssystem durch die Optimierung der Prozesse und die Verbesserung ihrer Effektivit\u00e4t und Effizienz zu st\u00e4rken.<br \/>\nDie Entscheidung, sich auf die Qualit\u00e4t und die Seriosit\u00e4t des Services zu konzentrieren, kommt einem Image zugute, mit dem sich Cremonini auf dem Markt durchsetzt, insbesondere in einer Zeit, in der in der Branche Verwirrung herrscht, was oft dazu f\u00fchrt, die Qualit\u00e4t f\u00fcr einen scheinbaren und anf\u00e4nglichen wirtschaftlichen Vorteil zu opfern. Aus diesem Grund macht Cremonini die Qualit\u00e4t zu seinem Hauptschwerpunkt. Um das Qualit\u00e4tssystem des Unternehmens weiter zu st\u00e4rken, hat Cremonini beschlossen, die Zertifizierung f\u00fcr die CE-Kennzeichnung nach UNI EN 1090-1 f\u00fcr Stahlkonstruktionen zu erhalten.<br \/>\nEine wichtige Zertifizierung, die von pr\u00e4zisen Entscheidungen und Investitionen zeugt.[\/vc_column_text][vc_empty_space height=&#8220;50px&#8220;][\/vc_column_inner][\/vc_row_inner][vc_empty_space height=&#8220;20px&#8220;][\/vc_column][\/vc_row][vc_row css_animation=&#8220;&#8220; row_type=&#8220;row&#8220; use_row_as_full_screen_section=&#8220;no&#8220; type=&#8220;grid&#8220; angled_section=&#8220;no&#8220; text_align=&#8220;left&#8220; background_image_as_pattern=&#8220;without_pattern&#8220; z_index=&#8220;&#8220; css=&#8220;.vc_custom_1548832840824{background-color: #ffffff !important;}&#8220;][vc_column][vc_empty_space height=&#8220;80px&#8220;][vc_column_text]<\/p>\n<h1>VON DEN ANF\u00c4NGEN BIS HEUTE<\/h1>\n<p>[\/vc_column_text][vc_empty_space height=&#8220;50px&#8220;][vc_row_inner row_type=&#8220;row&#8220; type=&#8220;full_width&#8220; text_align=&#8220;left&#8220; css_animation=&#8220;&#8220;][vc_column_inner width=&#8220;1\/2&#8243; offset=&#8220;vc_col-lg-3 vc_col-md-3 vc_col-xs-12&#8243;]<div class=\"q_image_with_text_over q_iwto_hover\"><div class=\"shader\" ><\/div><div class=\"shader_hover\" style=\"background-color: rgba(248,117,48,0.9)\"><\/div><img decoding=\"async\" itemprop=\"image\" src=\"https:\/\/cremoninigroup.it\/wp-content\/uploads\/2019\/01\/cremonini-old1.jpg\" alt=\"\" \/><div class=\"text\"><table><tr><td><h3 class=\"caption no_icon\" style=\"\"><\/h3><\/td><\/tr><\/table><table><tr><td><div class=\"desc\"><\/p>\n<h3 style=\"color: #fff; font-size: 50px;\">1961-89<\/h3>\n<p><\/div><\/td><\/tr><\/table><\/div><\/div>[\/vc_column_inner][vc_column_inner width=&#8220;1\/2&#8243; offset=&#8220;vc_col-lg-3 vc_col-md-3 vc_col-xs-12&#8243;]<div class=\"q_image_with_text_over q_iwto_hover\"><div class=\"shader\" ><\/div><div class=\"shader_hover\" style=\"background-color: rgba(248,117,48,0.9)\"><\/div><img decoding=\"async\" itemprop=\"image\" src=\"https:\/\/cremoninigroup.it\/wp-content\/uploads\/2019\/01\/cremonini-old2.jpg\" alt=\"\" \/><div class=\"text\"><table><tr><td><h3 class=\"caption no_icon\" style=\"\"><\/h3><\/td><\/tr><\/table><table><tr><td><div class=\"desc\"><\/p>\n<h3 style=\"color: #fff; font-size: 50px;\">1961-89<\/h3>\n<p><\/div><\/td><\/tr><\/table><\/div><\/div>[\/vc_column_inner][vc_column_inner width=&#8220;1\/2&#8243; offset=&#8220;vc_col-lg-3 vc_col-md-3 vc_col-xs-12&#8243;]<div class=\"q_image_with_text_over q_iwto_hover\"><div class=\"shader\" ><\/div><div class=\"shader_hover\" style=\"background-color: rgba(248,117,48,0.9)\"><\/div><img decoding=\"async\" itemprop=\"image\" src=\"https:\/\/cremoninigroup.it\/wp-content\/uploads\/2019\/01\/cremonini-old5.jpg\" alt=\"\" \/><div class=\"text\"><table><tr><td><h3 class=\"caption no_icon\" style=\"\"><\/h3><\/td><\/tr><\/table><table><tr><td><div class=\"desc\"><\/p>\n<h3 style=\"color: #fff; font-size: 50px;\">1989-2015<\/h3>\n<p><\/div><\/td><\/tr><\/table><\/div><\/div>[\/vc_column_inner][vc_column_inner width=&#8220;1\/2&#8243; offset=&#8220;vc_col-lg-3 vc_col-md-3 vc_col-xs-12&#8243;]<div class=\"q_image_with_text_over q_iwto_hover\"><div class=\"shader\" ><\/div><div class=\"shader_hover\" style=\"background-color: rgba(248,117,48,0.9)\"><\/div><img decoding=\"async\" itemprop=\"image\" src=\"https:\/\/cremoninigroup.it\/wp-content\/uploads\/2019\/01\/cremonini-borima.jpg\" alt=\"\" \/><div class=\"text\"><table><tr><td><h3 class=\"caption no_icon\" style=\"\"><\/h3><\/td><\/tr><\/table><table><tr><td><div class=\"desc\"><\/p>\n<h3 style=\"color: #fff; font-size: 50px;\">2015-&#8230;.<\/h3>\n<p><\/div><\/td><\/tr><\/table><\/div><\/div>[\/vc_column_inner][\/vc_row_inner][vc_empty_space height=&#8220;90px&#8220;][\/vc_column][\/vc_row]<\/p>\n<\/div>","protected":false},"excerpt":{"rendered":"<p>[vc_row css_animation=&#8220;&#8220; row_type=&#8220;row&#8220; use_row_as_full_screen_section=&#8220;no&#8220; type=&#8220;full_width&#8220; angled_section=&#8220;no&#8220; text_align=&#8220;left&#8220; background_image_as_pattern=&#8220;without_pattern&#8220; z_index=&#8220;&#8220;][vc_column][vc_single_image image=&#8220;138&#8243; img_size=&#8220;1920 x 300&#8243; qode_css_animation=&#8220;&#8220;][vc_empty_space height=&#8220;60px&#8220;][\/vc_column][\/vc_row][vc_row css_animation=&#8220;&#8220; row_type=&#8220;row&#8220; use_row_as_full_screen_section=&#8220;no&#8220; type=&#8220;grid&#8220; angled_section=&#8220;no&#8220; text_align=&#8220;left&#8220; background_image_as_pattern=&#8220;without_pattern&#8220; z_index=&#8220;&#8220;][vc_column][vc_column_text] cremonini srl KONSTRUKTION UND PRODUKTION SEIT \u00dcBER 50 JAHREN [\/vc_column_text][vc_empty_space height=&#8220;25px&#8220;][vc_row_inner row_type=&#8220;row&#8220; type=&#8220;full_width&#8220; text_align=&#8220;left&#8220; css_animation=&#8220;&#8220;][vc_column_inner offset=&#8220;vc_col-lg-6 vc_col-md-12&#8243;][vc_column_text]Cremonini srl, ein handwerkliches Unternehmen, das&#8230;<\/p>\n","protected":false},"author":48,"featured_media":0,"parent":0,"menu_order":0,"comment_status":"closed","ping_status":"closed","template":"full_width.php","meta":{"footnotes":""},"class_list":["post-2072","page","type-page","status-publish","hentry"],"yoast_head":"<!-- This site is optimized with the Yoast SEO plugin v27.3 - https:\/\/yoast.com\/product\/yoast-seo-wordpress\/ -->\n<title>Unternehmen - Cremonini s.r.l.<\/title>\n<meta name=\"robots\" content=\"index, follow, max-snippet:-1, max-image-preview:large, max-video-preview:-1\" \/>\n<link rel=\"canonical\" href=\"https:\/\/cremoninigroup.it\/de\/unternehmen\/\" \/>\n<meta property=\"og:locale\" content=\"de_DE\" \/>\n<meta property=\"og:type\" content=\"article\" \/>\n<meta property=\"og:title\" content=\"Unternehmen - Cremonini s.r.l.\" \/>\n<meta property=\"og:description\" content=\"[vc_row css_animation=&#8220;&#8220; row_type=&#8220;row&#8220; use_row_as_full_screen_section=&#8220;no&#8220; type=&#8220;full_width&#8220; angled_section=&#8220;no&#8220; text_align=&#8220;left&#8220; background_image_as_pattern=&#8220;without_pattern&#8220; z_index=&#8220;&#8220;][vc_column][vc_single_image image=&#8220;138&#8243; img_size=&#8220;1920 x 300&#8243; qode_css_animation=&#8220;&#8220;][vc_empty_space height=&#8220;60px&#8220;][\/vc_column][\/vc_row][vc_row css_animation=&#8220;&#8220; row_type=&#8220;row&#8220; use_row_as_full_screen_section=&#8220;no&#8220; type=&#8220;grid&#8220; angled_section=&#8220;no&#8220; text_align=&#8220;left&#8220; background_image_as_pattern=&#8220;without_pattern&#8220; z_index=&#8220;&#8220;][vc_column][vc_column_text] cremonini srl KONSTRUKTION UND PRODUKTION SEIT \u00dcBER 50 JAHREN [\/vc_column_text][vc_empty_space height=&#8220;25px&#8220;][vc_row_inner row_type=&#8220;row&#8220; type=&#8220;full_width&#8220; text_align=&#8220;left&#8220; css_animation=&#8220;&#8220;][vc_column_inner offset=&#8220;vc_col-lg-6 vc_col-md-12&#8243;][vc_column_text]Cremonini srl, ein handwerkliches Unternehmen, das...\" \/>\n<meta property=\"og:url\" content=\"https:\/\/cremoninigroup.it\/de\/unternehmen\/\" \/>\n<meta property=\"og:site_name\" content=\"Cremonini s.r.l.\" \/>\n<meta property=\"article:modified_time\" content=\"2021-04-28T13:53:46+00:00\" \/>\n<meta name=\"twitter:card\" content=\"summary_large_image\" \/>\n<meta name=\"twitter:label1\" content=\"Gesch\u00e4tzte Lesezeit\" \/>\n\t<meta name=\"twitter:data1\" content=\"7\u00a0Minuten\" \/>\n<script type=\"application\/ld+json\" class=\"yoast-schema-graph\">{\"@context\":\"https:\\\/\\\/schema.org\",\"@graph\":[{\"@type\":\"WebPage\",\"@id\":\"https:\\\/\\\/cremoninigroup.it\\\/de\\\/unternehmen\\\/\",\"url\":\"https:\\\/\\\/cremoninigroup.it\\\/de\\\/unternehmen\\\/\",\"name\":\"Unternehmen - Cremonini s.r.l.\",\"isPartOf\":{\"@id\":\"https:\\\/\\\/cremoninigroup.it\\\/de\\\/#website\"},\"datePublished\":\"2021-04-28T13:53:42+00:00\",\"dateModified\":\"2021-04-28T13:53:46+00:00\",\"breadcrumb\":{\"@id\":\"https:\\\/\\\/cremoninigroup.it\\\/de\\\/unternehmen\\\/#breadcrumb\"},\"inLanguage\":\"de\",\"potentialAction\":[{\"@type\":\"ReadAction\",\"target\":[\"https:\\\/\\\/cremoninigroup.it\\\/de\\\/unternehmen\\\/\"]}]},{\"@type\":\"BreadcrumbList\",\"@id\":\"https:\\\/\\\/cremoninigroup.it\\\/de\\\/unternehmen\\\/#breadcrumb\",\"itemListElement\":[{\"@type\":\"ListItem\",\"position\":1,\"name\":\"Home\",\"item\":\"https:\\\/\\\/cremoninigroup.it\\\/de\\\/\"},{\"@type\":\"ListItem\",\"position\":2,\"name\":\"Unternehmen\"}]},{\"@type\":\"WebSite\",\"@id\":\"https:\\\/\\\/cremoninigroup.it\\\/de\\\/#website\",\"url\":\"https:\\\/\\\/cremoninigroup.it\\\/de\\\/\",\"name\":\"CREMONINI Srl\",\"description\":\"Costruzioni Metalliche | Lavorazioni Lamiera | Taglio Laser\",\"publisher\":{\"@id\":\"https:\\\/\\\/cremoninigroup.it\\\/de\\\/#organization\"},\"potentialAction\":[{\"@type\":\"SearchAction\",\"target\":{\"@type\":\"EntryPoint\",\"urlTemplate\":\"https:\\\/\\\/cremoninigroup.it\\\/de\\\/?s={search_term_string}\"},\"query-input\":{\"@type\":\"PropertyValueSpecification\",\"valueRequired\":true,\"valueName\":\"search_term_string\"}}],\"inLanguage\":\"de\"},{\"@type\":\"Organization\",\"@id\":\"https:\\\/\\\/cremoninigroup.it\\\/de\\\/#organization\",\"name\":\"Cremonini Srl\",\"url\":\"https:\\\/\\\/cremoninigroup.it\\\/de\\\/\",\"logo\":{\"@type\":\"ImageObject\",\"inLanguage\":\"de\",\"@id\":\"https:\\\/\\\/cremoninigroup.it\\\/de\\\/#\\\/schema\\\/logo\\\/image\\\/\",\"url\":\"https:\\\/\\\/cremoninigroup.it\\\/wp-content\\\/uploads\\\/2018\\\/10\\\/logo_cremonini_color.png\",\"contentUrl\":\"https:\\\/\\\/cremoninigroup.it\\\/wp-content\\\/uploads\\\/2018\\\/10\\\/logo_cremonini_color.png\",\"width\":296,\"height\":90,\"caption\":\"Cremonini Srl\"},\"image\":{\"@id\":\"https:\\\/\\\/cremoninigroup.it\\\/de\\\/#\\\/schema\\\/logo\\\/image\\\/\"}}]}<\/script>\n<!-- \/ Yoast SEO plugin. -->","yoast_head_json":{"title":"Unternehmen - Cremonini s.r.l.","robots":{"index":"index","follow":"follow","max-snippet":"max-snippet:-1","max-image-preview":"max-image-preview:large","max-video-preview":"max-video-preview:-1"},"canonical":"https:\/\/cremoninigroup.it\/de\/unternehmen\/","og_locale":"de_DE","og_type":"article","og_title":"Unternehmen - Cremonini s.r.l.","og_description":"[vc_row css_animation=&#8220;&#8220; row_type=&#8220;row&#8220; use_row_as_full_screen_section=&#8220;no&#8220; type=&#8220;full_width&#8220; angled_section=&#8220;no&#8220; text_align=&#8220;left&#8220; background_image_as_pattern=&#8220;without_pattern&#8220; z_index=&#8220;&#8220;][vc_column][vc_single_image image=&#8220;138&#8243; img_size=&#8220;1920 x 300&#8243; qode_css_animation=&#8220;&#8220;][vc_empty_space height=&#8220;60px&#8220;][\/vc_column][\/vc_row][vc_row css_animation=&#8220;&#8220; row_type=&#8220;row&#8220; use_row_as_full_screen_section=&#8220;no&#8220; type=&#8220;grid&#8220; angled_section=&#8220;no&#8220; text_align=&#8220;left&#8220; background_image_as_pattern=&#8220;without_pattern&#8220; z_index=&#8220;&#8220;][vc_column][vc_column_text] cremonini srl KONSTRUKTION UND PRODUKTION SEIT \u00dcBER 50 JAHREN [\/vc_column_text][vc_empty_space height=&#8220;25px&#8220;][vc_row_inner row_type=&#8220;row&#8220; type=&#8220;full_width&#8220; text_align=&#8220;left&#8220; css_animation=&#8220;&#8220;][vc_column_inner offset=&#8220;vc_col-lg-6 vc_col-md-12&#8243;][vc_column_text]Cremonini srl, ein handwerkliches Unternehmen, das...","og_url":"https:\/\/cremoninigroup.it\/de\/unternehmen\/","og_site_name":"Cremonini s.r.l.","article_modified_time":"2021-04-28T13:53:46+00:00","twitter_card":"summary_large_image","twitter_misc":{"Gesch\u00e4tzte Lesezeit":"7\u00a0Minuten"},"schema":{"@context":"https:\/\/schema.org","@graph":[{"@type":"WebPage","@id":"https:\/\/cremoninigroup.it\/de\/unternehmen\/","url":"https:\/\/cremoninigroup.it\/de\/unternehmen\/","name":"Unternehmen - Cremonini s.r.l.","isPartOf":{"@id":"https:\/\/cremoninigroup.it\/de\/#website"},"datePublished":"2021-04-28T13:53:42+00:00","dateModified":"2021-04-28T13:53:46+00:00","breadcrumb":{"@id":"https:\/\/cremoninigroup.it\/de\/unternehmen\/#breadcrumb"},"inLanguage":"de","potentialAction":[{"@type":"ReadAction","target":["https:\/\/cremoninigroup.it\/de\/unternehmen\/"]}]},{"@type":"BreadcrumbList","@id":"https:\/\/cremoninigroup.it\/de\/unternehmen\/#breadcrumb","itemListElement":[{"@type":"ListItem","position":1,"name":"Home","item":"https:\/\/cremoninigroup.it\/de\/"},{"@type":"ListItem","position":2,"name":"Unternehmen"}]},{"@type":"WebSite","@id":"https:\/\/cremoninigroup.it\/de\/#website","url":"https:\/\/cremoninigroup.it\/de\/","name":"CREMONINI Srl","description":"Costruzioni Metalliche | Lavorazioni Lamiera | Taglio Laser","publisher":{"@id":"https:\/\/cremoninigroup.it\/de\/#organization"},"potentialAction":[{"@type":"SearchAction","target":{"@type":"EntryPoint","urlTemplate":"https:\/\/cremoninigroup.it\/de\/?s={search_term_string}"},"query-input":{"@type":"PropertyValueSpecification","valueRequired":true,"valueName":"search_term_string"}}],"inLanguage":"de"},{"@type":"Organization","@id":"https:\/\/cremoninigroup.it\/de\/#organization","name":"Cremonini Srl","url":"https:\/\/cremoninigroup.it\/de\/","logo":{"@type":"ImageObject","inLanguage":"de","@id":"https:\/\/cremoninigroup.it\/de\/#\/schema\/logo\/image\/","url":"https:\/\/cremoninigroup.it\/wp-content\/uploads\/2018\/10\/logo_cremonini_color.png","contentUrl":"https:\/\/cremoninigroup.it\/wp-content\/uploads\/2018\/10\/logo_cremonini_color.png","width":296,"height":90,"caption":"Cremonini Srl"},"image":{"@id":"https:\/\/cremoninigroup.it\/de\/#\/schema\/logo\/image\/"}}]}},"_links":{"self":[{"href":"https:\/\/cremoninigroup.it\/de\/wp-json\/wp\/v2\/pages\/2072","targetHints":{"allow":["GET"]}}],"collection":[{"href":"https:\/\/cremoninigroup.it\/de\/wp-json\/wp\/v2\/pages"}],"about":[{"href":"https:\/\/cremoninigroup.it\/de\/wp-json\/wp\/v2\/types\/page"}],"author":[{"embeddable":true,"href":"https:\/\/cremoninigroup.it\/de\/wp-json\/wp\/v2\/users\/48"}],"replies":[{"embeddable":true,"href":"https:\/\/cremoninigroup.it\/de\/wp-json\/wp\/v2\/comments?post=2072"}],"version-history":[{"count":8,"href":"https:\/\/cremoninigroup.it\/de\/wp-json\/wp\/v2\/pages\/2072\/revisions"}],"predecessor-version":[{"id":2131,"href":"https:\/\/cremoninigroup.it\/de\/wp-json\/wp\/v2\/pages\/2072\/revisions\/2131"}],"wp:attachment":[{"href":"https:\/\/cremoninigroup.it\/de\/wp-json\/wp\/v2\/media?parent=2072"}],"curies":[{"name":"wp","href":"https:\/\/api.w.org\/{rel}","templated":true}]}}